{"id":99,"date":"2025-04-17T11:28:22","date_gmt":"2025-04-17T09:28:22","guid":{"rendered":"http:\/\/www.communeombessa.com\/?page_id=99"},"modified":"2025-04-18T19:16:59","modified_gmt":"2025-04-18T17:16:59","slug":"la-mairie","status":"publish","type":"page","link":"https:\/\/www.communeombessa.com\/index.php\/la-mairie\/","title":{"rendered":"La mairie"},"content":{"rendered":"\t\t<div data-elementor-type=\"wp-page\" data-elementor-id=\"99\" class=\"elementor elementor-99\">\n\t\t\t\t<div class=\"elementor-element elementor-element-35d4462 e-flex e-con-boxed wpr-particle-no wpr-jarallax-no wpr-parallax-no wpr-sticky-section-no e-con e-parent\" data-id=\"35d4462\" data-element_type=\"container\">\n\t\t\t\t\t<div class=\"e-con-inner\">\n\t\t\t\t<div class=\"elementor-element elementor-element-2518fd5 elementor-widget elementor-widget-heading\" data-id=\"2518fd5\" data-element_type=\"widget\" data-widget_type=\"heading.default\">\n\t\t\t\t<div class=\"elementor-widget-container\">\n\t\t\t\t\t<h2 class=\"elementor-heading-title elementor-size-default\">Localisation de la commune d'OMBESSA<\/h2>\t\t\t\t<\/div>\n\t\t\t\t<\/div>\n\t\t\t\t\t<\/div>\n\t\t\t\t<\/div>\n\t\t<div class=\"elementor-element elementor-element-a7fba86 e-flex e-con-boxed wpr-particle-no wpr-jarallax-no wpr-parallax-no wpr-sticky-section-no e-con e-parent\" data-id=\"a7fba86\" data-element_type=\"container\">\n\t\t\t\t\t<div class=\"e-con-inner\">\n\t\t\t\t<div class=\"elementor-element elementor-element-c78a8de elementor-widget elementor-widget-image\" data-id=\"c78a8de\" data-element_type=\"widget\" data-widget_type=\"image.default\">\n\t\t\t\t<div class=\"elementor-widget-container\">\n\t\t\t\t\t\t\t\t\t\t\t\t\t\t\t<img fetchpriority=\"high\" decoding=\"async\" width=\"436\" height=\"401\" src=\"https:\/\/www.communeombessa.com\/wp-content\/uploads\/2025\/04\/image.png\" class=\"attachment-full size-full wp-image-318\" alt=\"\" srcset=\"https:\/\/www.communeombessa.com\/wp-content\/uploads\/2025\/04\/image.png 436w, https:\/\/www.communeombessa.com\/wp-content\/uploads\/2025\/04\/image-300x276.png 300w\" sizes=\"(max-width: 436px) 100vw, 436px\" \/>\t\t\t\t\t\t\t\t\t\t\t\t\t\t\t<\/div>\n\t\t\t\t<\/div>\n\t\t\t\t<div class=\"elementor-element elementor-element-7e8d9ee elementor-widget elementor-widget-image\" data-id=\"7e8d9ee\" data-element_type=\"widget\" data-widget_type=\"image.default\">\n\t\t\t\t<div class=\"elementor-widget-container\">\n\t\t\t\t\t\t\t\t\t\t\t\t\t\t\t<img decoding=\"async\" width=\"1202\" height=\"539\" src=\"https:\/\/www.communeombessa.com\/wp-content\/uploads\/2025\/04\/localisation.png\" class=\"attachment-full size-full wp-image-322\" alt=\"\" srcset=\"https:\/\/www.communeombessa.com\/wp-content\/uploads\/2025\/04\/localisation.png 1202w, https:\/\/www.communeombessa.com\/wp-content\/uploads\/2025\/04\/localisation-300x135.png 300w, https:\/\/www.communeombessa.com\/wp-content\/uploads\/2025\/04\/localisation-1024x459.png 1024w, https:\/\/www.communeombessa.com\/wp-content\/uploads\/2025\/04\/localisation-768x344.png 768w\" sizes=\"(max-width: 1202px) 100vw, 1202px\" \/>\t\t\t\t\t\t\t\t\t\t\t\t\t\t\t<\/div>\n\t\t\t\t<\/div>\n\t\t\t\t\t<\/div>\n\t\t\t\t<\/div>\n\t\t<div class=\"elementor-element elementor-element-d11deaa e-flex e-con-boxed wpr-particle-no wpr-jarallax-no wpr-parallax-no wpr-sticky-section-no e-con e-parent\" data-id=\"d11deaa\" data-element_type=\"container\">\n\t\t\t\t\t<div class=\"e-con-inner\">\n\t\t\t\t<div class=\"elementor-element elementor-element-50b7162 elementor-widget elementor-widget-heading\" data-id=\"50b7162\" data-element_type=\"widget\" data-widget_type=\"heading.default\">\n\t\t\t\t<div class=\"elementor-widget-container\">\n\t\t\t\t\t<h2 class=\"elementor-heading-title elementor-size-default\">Climat<\/h2>\t\t\t\t<\/div>\n\t\t\t\t<\/div>\n\t\t\t\t\t<\/div>\n\t\t\t\t<\/div>\n\t\t<div class=\"elementor-element elementor-element-90fcaee e-flex e-con-boxed wpr-particle-no wpr-jarallax-no wpr-parallax-no wpr-sticky-section-no e-con e-parent\" data-id=\"90fcaee\" data-element_type=\"container\">\n\t\t\t\t\t<div class=\"e-con-inner\">\n\t\t\t\t<div class=\"elementor-element elementor-element-3115381 elementor-widget elementor-widget-text-editor\" data-id=\"3115381\" data-element_type=\"widget\" data-widget_type=\"text-editor.default\">\n\t\t\t\t<div class=\"elementor-widget-container\">\n\t\t\t\t\t\t\t\t\t<p>La commune d\u2019Ombessa est situ\u00e9e dans la r\u00e9gion climatique dite \u00e9quatorial de type guin\u00e9en et de variante yaound\u00e9en. Pour \u00eatre plus pr\u00e9cis il s\u2019agit de celle qui se caract\u00e9rise par quatre saisons d\u2019in\u00e9gales dur\u00e9es, \u00e0 savoir:<br \/>&#8212;\u00a0 Une grande saison pluvieuse de mi-ao\u00fbt \u00e0 mi-novembre ;<br \/>&#8212; Une petite saison pluvieuse de mi-mars \u00e0 mi-juin ;<br \/>&#8212; Une grande saison s\u00e8che de mi-novembre \u00e0 mi- mars ;<br \/>&#8212; Une petite saison s\u00e8che de mi-juin \u00e0 mi-ao\u00fbt<br \/>La moyenne annuelle des pr\u00e9cipitations est de 1577 mm. La temp\u00e9rature moyenne annuelle est de 25\u00b0C avec une amplitude moyenne annuelle de 2,5\u00b0C. Ce climat favorise annuellement la conduite de 2 campagnes agricoles.<\/p>\t\t\t\t\t\t\t\t<\/div>\n\t\t\t\t<\/div>\n\t\t\t\t\t<\/div>\n\t\t\t\t<\/div>\n\t\t<div class=\"elementor-element elementor-element-ef104cc e-flex e-con-boxed wpr-particle-no wpr-jarallax-no wpr-parallax-no wpr-sticky-section-no e-con e-parent\" data-id=\"ef104cc\" data-element_type=\"container\">\n\t\t\t\t\t<div class=\"e-con-inner\">\n\t\t\t\t<div class=\"elementor-element elementor-element-6765309 elementor-widget elementor-widget-heading\" data-id=\"6765309\" data-element_type=\"widget\" data-widget_type=\"heading.default\">\n\t\t\t\t<div class=\"elementor-widget-container\">\n\t\t\t\t\t<h2 class=\"elementor-heading-title elementor-size-default\">Sols<\/h2>\t\t\t\t<\/div>\n\t\t\t\t<\/div>\n\t\t\t\t\t<\/div>\n\t\t\t\t<\/div>\n\t\t<div class=\"elementor-element elementor-element-d7f791a e-flex e-con-boxed wpr-particle-no wpr-jarallax-no wpr-parallax-no wpr-sticky-section-no e-con e-parent\" data-id=\"d7f791a\" data-element_type=\"container\">\n\t\t\t\t\t<div class=\"e-con-inner\">\n\t\t\t\t<div class=\"elementor-element elementor-element-323d73e elementor-widget elementor-widget-text-editor\" data-id=\"323d73e\" data-element_type=\"widget\" data-widget_type=\"text-editor.default\">\n\t\t\t\t<div class=\"elementor-widget-container\">\n\t\t\t\t\t\t\t\t\t<p>La commune d\u2019Ombessa comparativement aux autres communes du D\u00e9partement du Mbam et Inoubou est situ\u00e9e sur une plaine dont l\u2019altitude varie entre 200m et 500m. Interrompue par des pentes tr\u00e8s douces qui se terminent g\u00e9n\u00e9ralement par des bas fonds, Son relief est souple dans la grande partie du territoire et constitu\u00e9e par endroit de buttes isol\u00e9es et de collines r\u00e9siduelles tr\u00e8s peu hautes.<\/p><p>La texture du sol de la commune d\u2019Ombessa est d\u2019origine ferralitique et hydromorphe<br \/>&#8212; Des sols ferralitiques, ceux-ci sont caract\u00e9ris\u00e9s par une texture sablo-argileuse. Ils sont pauvres en \u00e9l\u00e9ments nutritifs, acide, fragile et caract\u00e9ris\u00e9s par de fortes colorations jaunes ou jaune claire. Sous le couvert forestier, ces sols sont quelquefois argileux, poreux, tr\u00e8s perm\u00e9ables et riches en humus. Ils sont reconnus tr\u00e8s fertiles sous le couvert forestier. Cependant, cette fertilit\u00e9 est assez pr\u00e9caire de nos jours. Ils se pr\u00eatent surtout aux cultures p\u00e9rennes (cacao, fruitiers, palmier) et aux cultures vivri\u00e8res;<br \/>&#8212; Les sols hydromorphes localis\u00e9s dans les bas fonds ; trop engorg\u00e9s en saison des pluies, ils se pr\u00eatent bien aux cultures de saison s\u00e8che et notamment maraich\u00e8res. Ceux-ci connaissent une pollution par le mauvais usage des pesticides ;<\/p><p><br \/>En raison de leur valeur agronomique meilleure et de leur disponibilit\u00e9 dans la commune, Ombessa constitue une zone de polyculture par excellence. Malheureusement les m\u00e9thodes culturales traditionnelles qui consistent \u00e0 d\u00e9fricher, bruler et labourer chaque ann\u00e9e sans jach\u00e8re sont tr\u00e8s d\u00e9gradantes et compromettent au jour le jour des propri\u00e9t\u00e9s physiques et<br \/>chimiques de ces sols. Des projets consistant \u00e0 la gestion durable de ces terres devraient \u00eatre envisag\u00e9s pour \u00e9viter des situations d\u00e9sastreuses dans le futur.<\/p>\t\t\t\t\t\t\t\t<\/div>\n\t\t\t\t<\/div>\n\t\t\t\t\t<\/div>\n\t\t\t\t<\/div>\n\t\t<div class=\"elementor-element elementor-element-08d1c85 e-flex e-con-boxed wpr-particle-no wpr-jarallax-no wpr-parallax-no wpr-sticky-section-no e-con e-parent\" data-id=\"08d1c85\" data-element_type=\"container\">\n\t\t\t\t\t<div class=\"e-con-inner\">\n\t\t\t\t<div class=\"elementor-element elementor-element-103cb0b elementor-widget elementor-widget-heading\" data-id=\"103cb0b\" data-element_type=\"widget\" data-widget_type=\"heading.default\">\n\t\t\t\t<div class=\"elementor-widget-container\">\n\t\t\t\t\t<h2 class=\"elementor-heading-title elementor-size-default\">Relief<\/h2>\t\t\t\t<\/div>\n\t\t\t\t<\/div>\n\t\t\t\t\t<\/div>\n\t\t\t\t<\/div>\n\t\t<div class=\"elementor-element elementor-element-5a0d0e6 e-flex e-con-boxed wpr-particle-no wpr-jarallax-no wpr-parallax-no wpr-sticky-section-no e-con e-parent\" data-id=\"5a0d0e6\" data-element_type=\"container\">\n\t\t\t\t\t<div class=\"e-con-inner\">\n\t\t\t\t<div class=\"elementor-element elementor-element-4cdcadf elementor-widget elementor-widget-text-editor\" data-id=\"4cdcadf\" data-element_type=\"widget\" data-widget_type=\"text-editor.default\">\n\t\t\t\t<div class=\"elementor-widget-container\">\n\t\t\t\t\t\t\t\t\t<p>La commune d\u2019Ombessa pr\u00e9sente un relief peu accident\u00e9 et vari\u00e9 par endroit.( Pr\u00e9sence de plaines, collines, vall\u00e9es) avec des pentes comprises entre 0 et 5% traduisant une faible sensibilit\u00e9 \u00e0 l\u2019\u00e9rosion. L\u2019altitude moyenne tourne autour de 900m. A Ombessa, on d\u00e9nombre quelques collines sans grande ampleur.<\/p>\t\t\t\t\t\t\t\t<\/div>\n\t\t\t\t<\/div>\n\t\t\t\t\t<\/div>\n\t\t\t\t<\/div>\n\t\t<div class=\"elementor-element elementor-element-d48adc8 e-flex e-con-boxed wpr-particle-no wpr-jarallax-no wpr-parallax-no wpr-sticky-section-no e-con e-parent\" data-id=\"d48adc8\" data-element_type=\"container\">\n\t\t\t\t\t<div class=\"e-con-inner\">\n\t\t\t\t<div class=\"elementor-element elementor-element-ae84df9 elementor-widget elementor-widget-heading\" data-id=\"ae84df9\" data-element_type=\"widget\" data-widget_type=\"heading.default\">\n\t\t\t\t<div class=\"elementor-widget-container\">\n\t\t\t\t\t<h2 class=\"elementor-heading-title elementor-size-default\">Hydrographie<\/h2>\t\t\t\t<\/div>\n\t\t\t\t<\/div>\n\t\t\t\t\t<\/div>\n\t\t\t\t<\/div>\n\t\t<div class=\"elementor-element elementor-element-51e4f31 e-flex e-con-boxed wpr-particle-no wpr-jarallax-no wpr-parallax-no wpr-sticky-section-no e-con e-parent\" data-id=\"51e4f31\" data-element_type=\"container\">\n\t\t\t\t\t<div class=\"e-con-inner\">\n\t\t\t\t<div class=\"elementor-element elementor-element-6c0ea97 elementor-widget elementor-widget-text-editor\" data-id=\"6c0ea97\" data-element_type=\"widget\" data-widget_type=\"text-editor.default\">\n\t\t\t\t<div class=\"elementor-widget-container\">\n\t\t\t\t\t\t\t\t\t<p>La commune d\u2019Ombessa est parcourue par des petits ruisseaux saisonniers tels qu\u2019Oufou\u00e9, Bagna, la Mama qui traversent de fa\u00e7on longitudinale une partie importante de la commune.<br \/>Cette commune souffre d\u2019une insuffisance d\u2019eau de surface malgr\u00e9 le potentiel qu\u2019offre sa proximit\u00e9 avec le fleuve Sanaga.<br \/>Des perspectives en mati\u00e8re de ressources en eau potable devraient de ce fait \u00eatre orient\u00e9es vers la recherche et la production d\u2019eau de consommation souterraine.Travail qu\u2019effectue d\u00e9j\u00e0 avec brio le SYCOMI dans la formation et l\u2019encadrement des comit\u00e9s de gestion des points d\u2019eau existants dans la commune. Pour \u00eatre pr\u00e9cis, la fourniture en eau de consommation dans l\u2019espace communal est essentiellement effectu\u00e9e non seulement, \u00e0 partir des forages en eau profonde malheureusement de dur\u00e9e pr\u00e9caires, (exception faite de ceux install\u00e9s par la soci\u00e9t\u00e9 Hollandaise WHYLAND(Volanta)), mais aussi par des puits<br \/>plus ou moins am\u00e9nag\u00e9s et parfois \u00e9quip\u00e9s des pompes manuelles qui tombent aussi en panne de mani\u00e8re fr\u00e9quente.<br \/>Le r\u00e9seau de la CDE quant \u00e0 lui, bien qu\u2019existant dans l\u2019espace urbain d\u2019Ombessa ne r\u00e9sout que partiellement le probl\u00e8me d\u2019approvisionnement d\u2019eau potable des populations.<\/p>\t\t\t\t\t\t\t\t<\/div>\n\t\t\t\t<\/div>\n\t\t\t\t\t<\/div>\n\t\t\t\t<\/div>\n\t\t<div class=\"elementor-element elementor-element-357ad5f e-flex e-con-boxed wpr-particle-no wpr-jarallax-no wpr-parallax-no wpr-sticky-section-no e-con e-parent\" data-id=\"357ad5f\" data-element_type=\"container\">\n\t\t\t\t\t<div class=\"e-con-inner\">\n\t\t\t\t<div class=\"elementor-element elementor-element-a57fc6c elementor-widget elementor-widget-heading\" data-id=\"a57fc6c\" data-element_type=\"widget\" data-widget_type=\"heading.default\">\n\t\t\t\t<div class=\"elementor-widget-container\">\n\t\t\t\t\t<h2 class=\"elementor-heading-title elementor-size-default\">V\u00e9g\u00e9tation et flore<\/h2>\t\t\t\t<\/div>\n\t\t\t\t<\/div>\n\t\t\t\t\t<\/div>\n\t\t\t\t<\/div>\n\t\t<div class=\"elementor-element elementor-element-2018617 e-flex e-con-boxed wpr-particle-no wpr-jarallax-no wpr-parallax-no wpr-sticky-section-no e-con e-parent\" data-id=\"2018617\" data-element_type=\"container\">\n\t\t\t\t\t<div class=\"e-con-inner\">\n\t\t\t\t<div class=\"elementor-element elementor-element-39c40bf elementor-widget elementor-widget-text-editor\" data-id=\"39c40bf\" data-element_type=\"widget\" data-widget_type=\"text-editor.default\">\n\t\t\t\t<div class=\"elementor-widget-container\">\n\t\t\t\t\t\t\t\t\t<p>Le type de v\u00e9g\u00e9tation retrouv\u00e9 dans l\u2019espace communal d\u2019Ombessa est caract\u00e9ris\u00e9 par la pr\u00e9dominance de formations v\u00e9g\u00e9tales ligneuses mixtes arbor\u00e9es, arbustives et herbac\u00e9e.<br \/>Les couverts ligneux sont clairs et domin\u00e9s par les savanes. En dehors des zones dites de v\u00e9g\u00e9tation naturelle, le territoire communal est domin\u00e9 par les zones agricoles couvertes de cultures annuelles, semi p\u00e9renne et p\u00e9rennes. Les cultures annuelles sont les sp\u00e9culations telles que la patate, l\u2019igname, le ma\u00efs, la macabo. Les cultures semi p\u00e9rennes \u00e9tant domin\u00e9es par les bananiers plantains et les cultures p\u00e9rennes constitu\u00e9es quant \u00e0 eux par le cacao, le palmier \u00e0 huile, et des arbres fruitiers tels le safoutier, avocatier, manguier.<br \/>Les herbes dominantes sont entres autres l\u2019imp\u00e9rrata cylindrica, le mimosa, les sissonghos, les penicetum purpureum.<\/p>\t\t\t\t\t\t\t\t<\/div>\n\t\t\t\t<\/div>\n\t\t\t\t\t<\/div>\n\t\t\t\t<\/div>\n\t\t<div class=\"elementor-element elementor-element-a2dbac8 e-flex e-con-boxed wpr-particle-no wpr-jarallax-no wpr-parallax-no wpr-sticky-section-no e-con e-parent\" data-id=\"a2dbac8\" data-element_type=\"container\">\n\t\t\t\t\t<div class=\"e-con-inner\">\n\t\t\t\t<div class=\"elementor-element elementor-element-549d879 elementor-widget elementor-widget-heading\" data-id=\"549d879\" data-element_type=\"widget\" data-widget_type=\"heading.default\">\n\t\t\t\t<div class=\"elementor-widget-container\">\n\t\t\t\t\t<h2 class=\"elementor-heading-title elementor-size-default\">Faune<\/h2>\t\t\t\t<\/div>\n\t\t\t\t<\/div>\n\t\t\t\t\t<\/div>\n\t\t\t\t<\/div>\n\t\t<div class=\"elementor-element elementor-element-5f5c9cc e-flex e-con-boxed wpr-particle-no wpr-jarallax-no wpr-parallax-no wpr-sticky-section-no e-con e-parent\" data-id=\"5f5c9cc\" data-element_type=\"container\">\n\t\t\t\t\t<div class=\"e-con-inner\">\n\t\t\t\t<div class=\"elementor-element elementor-element-c691b40 elementor-widget elementor-widget-text-editor\" data-id=\"c691b40\" data-element_type=\"widget\" data-widget_type=\"text-editor.default\">\n\t\t\t\t<div class=\"elementor-widget-container\">\n\t\t\t\t\t\t\t\t\t<p>La faune de la commune d\u2019Ombessa est peu fournie et peu diversifi\u00e9e du fait de la pression des activit\u00e9s humaines (champs et habitations) sur toute l\u2019\u00e9tendue du territoire communal. On peut cependant rencontrer les:<br \/>&#8211; Gibiers : h\u00e9rissons, tigres, rats palmistes, porcs-\u00e9piques, singes, lapins, biches, et \u00e9cureuils.<br \/>&#8211; Oiseaux : perdrix, \u00e9perviers, corbeaux, hiboux, chauves- souris, moineaux\u2026..<br \/>&#8211; Reptiles et insectes : serpents, l\u00e9zards, margouillards, cam\u00e9l\u00e9ons, abeilles, gu\u00eapes, criquets et mouches.<br \/>&#8211; Dans les cours d\u2019eau : les carpes, les silures<\/p>\t\t\t\t\t\t\t\t<\/div>\n\t\t\t\t<\/div>\n\t\t\t\t\t<\/div>\n\t\t\t\t<\/div>\n\t\t<div class=\"elementor-element elementor-element-013196e e-flex e-con-boxed wpr-particle-no wpr-jarallax-no wpr-parallax-no wpr-sticky-section-no e-con e-parent\" data-id=\"013196e\" data-element_type=\"container\">\n\t\t\t\t\t<div class=\"e-con-inner\">\n\t\t\t\t<div class=\"elementor-element elementor-element-aef02b2 elementor-widget elementor-widget-heading\" data-id=\"aef02b2\" data-element_type=\"widget\" data-widget_type=\"heading.default\">\n\t\t\t\t<div class=\"elementor-widget-container\">\n\t\t\t\t\t<h2 class=\"elementor-heading-title elementor-size-default\">D\u00e9mographie<\/h2>\t\t\t\t<\/div>\n\t\t\t\t<\/div>\n\t\t\t\t\t<\/div>\n\t\t\t\t<\/div>\n\t\t<div class=\"elementor-element elementor-element-1f12109 e-flex e-con-boxed wpr-particle-no wpr-jarallax-no wpr-parallax-no wpr-sticky-section-no e-con e-parent\" data-id=\"1f12109\" data-element_type=\"container\">\n\t\t\t\t\t<div class=\"e-con-inner\">\n\t\t\t\t<div class=\"elementor-element elementor-element-05e3c9a elementor-widget elementor-widget-text-editor\" data-id=\"05e3c9a\" data-element_type=\"widget\" data-widget_type=\"text-editor.default\">\n\t\t\t\t<div class=\"elementor-widget-container\">\n\t\t\t\t\t\t\t\t\t<p>La population de la commune d\u2019Ombessa est d\u2019environ 40 000 habitants avec des proportions respectives de 1919.646 hommes et 1995.57 Femmes (DPNV, 2014). Elle occupe un territoire d\u2019environ 420 Km2 de superficie pour une densit\u00e9 de 184 habitants\/Km2 (PDC, 2009).<br \/>On note au sein de la commune, la pr\u00e9sence des couches vuln\u00e9rables domin\u00e9es par des personnes \u00e2g\u00e9es (196) suivi des handicap\u00e9s (87), des OEV (69) et des personnes atteintes de VIH\/SIDA (16) ou autres maladies graves (43). A celles-ci s\u2019ajoutent les populations des sourds\/muets dont l\u2019effectif est estim\u00e9 \u00e0 18 \u00e2mes environ.<\/p>\t\t\t\t\t\t\t\t<\/div>\n\t\t\t\t<\/div>\n\t\t\t\t\t<\/div>\n\t\t\t\t<\/div>\n\t\t\t\t<\/div>\n\t\t","protected":false},"excerpt":{"rendered":"<p>Localisation de la commune d&rsquo;OMBESSA Climat La commune d\u2019Ombessa est situ\u00e9e dans la r\u00e9gion climatique dite \u00e9quatorial de type guin\u00e9en et de variante yaound\u00e9en. Pour \u00eatre plus pr\u00e9cis il s\u2019agit de celle qui se caract\u00e9rise par quatre saisons d\u2019in\u00e9gales dur\u00e9es, \u00e0 savoir:&#8212;\u00a0 Une grande saison pluvieuse de mi-ao\u00fbt \u00e0 mi-novembre ;&#8212; Une petite saison pluvieuse de mi-mars \u00e0 mi-juin ;&#8212; Une grande saison s\u00e8che de mi-novembre \u00e0 mi- mars ;&#8212; Une petite saison s\u00e8che de mi-juin \u00e0 mi-ao\u00fbtLa moyenne annuelle des pr\u00e9cipitations est de 1577 mm. La temp\u00e9rature moyenne annuelle est de 25\u00b0C avec une amplitude moyenne annuelle de 2,5\u00b0C. Ce climat favorise annuellement la conduite de 2 campagnes agricoles. Sols La commune d\u2019Ombessa comparativement aux autres communes du D\u00e9partement du Mbam et Inoubou est situ\u00e9e sur une plaine dont l\u2019altitude varie entre 200m et 500m. Interrompue par des pentes tr\u00e8s douces qui se terminent g\u00e9n\u00e9ralement par des bas fonds, Son relief est souple dans la grande partie du territoire et constitu\u00e9e par endroit de buttes isol\u00e9es et de collines r\u00e9siduelles tr\u00e8s peu hautes. La texture du sol de la commune d\u2019Ombessa est d\u2019origine ferralitique et hydromorphe&#8212; Des sols ferralitiques, ceux-ci sont caract\u00e9ris\u00e9s par une texture sablo-argileuse. Ils sont pauvres en \u00e9l\u00e9ments nutritifs, acide, fragile et caract\u00e9ris\u00e9s par de fortes colorations jaunes ou jaune claire. Sous le couvert forestier, ces sols sont quelquefois argileux, poreux, tr\u00e8s perm\u00e9ables et riches en humus. Ils sont reconnus tr\u00e8s fertiles sous le couvert forestier. Cependant, cette fertilit\u00e9 est assez pr\u00e9caire de nos jours. Ils se pr\u00eatent surtout aux cultures p\u00e9rennes (cacao, fruitiers, palmier) et aux cultures vivri\u00e8res;&#8212; Les sols hydromorphes localis\u00e9s dans les bas fonds ; trop engorg\u00e9s en saison des pluies, ils se pr\u00eatent bien aux cultures de saison s\u00e8che et notamment maraich\u00e8res. Ceux-ci connaissent une pollution par le mauvais usage des pesticides ; En raison de leur valeur agronomique meilleure et de leur disponibilit\u00e9 dans la commune, Ombessa constitue une zone de polyculture par excellence. Malheureusement les m\u00e9thodes culturales traditionnelles qui consistent \u00e0 d\u00e9fricher, bruler et labourer chaque ann\u00e9e sans jach\u00e8re sont tr\u00e8s d\u00e9gradantes et compromettent au jour le jour des propri\u00e9t\u00e9s physiques etchimiques de ces sols. Des projets consistant \u00e0 la gestion durable de ces terres devraient \u00eatre envisag\u00e9s pour \u00e9viter des situations d\u00e9sastreuses dans le futur. Relief La commune d\u2019Ombessa pr\u00e9sente un relief peu accident\u00e9 et vari\u00e9 par endroit.( Pr\u00e9sence de plaines, collines, vall\u00e9es) avec des pentes comprises entre 0 et 5% traduisant une faible sensibilit\u00e9 \u00e0 l\u2019\u00e9rosion. L\u2019altitude moyenne tourne autour de 900m. A Ombessa, on d\u00e9nombre quelques collines sans grande ampleur. Hydrographie La commune d\u2019Ombessa est parcourue par des petits ruisseaux saisonniers tels qu\u2019Oufou\u00e9, Bagna, la Mama qui traversent de fa\u00e7on longitudinale une partie importante de la commune.Cette commune souffre d\u2019une insuffisance d\u2019eau de surface malgr\u00e9 le potentiel qu\u2019offre sa proximit\u00e9 avec le fleuve Sanaga.Des perspectives en mati\u00e8re de ressources en eau potable devraient de ce fait \u00eatre orient\u00e9es vers la recherche et la production d\u2019eau de consommation souterraine.Travail qu\u2019effectue d\u00e9j\u00e0 avec brio le SYCOMI dans la formation et l\u2019encadrement des comit\u00e9s de gestion des points d\u2019eau existants dans la commune. Pour \u00eatre pr\u00e9cis, la fourniture en eau de consommation dans l\u2019espace communal est essentiellement effectu\u00e9e non seulement, \u00e0 partir des forages en eau profonde malheureusement de dur\u00e9e pr\u00e9caires, (exception faite de ceux install\u00e9s par la soci\u00e9t\u00e9 Hollandaise WHYLAND(Volanta)), mais aussi par des puitsplus ou moins am\u00e9nag\u00e9s et parfois \u00e9quip\u00e9s des pompes manuelles qui tombent aussi en panne de mani\u00e8re fr\u00e9quente.Le r\u00e9seau de la CDE quant \u00e0 lui, bien qu\u2019existant dans l\u2019espace urbain d\u2019Ombessa ne r\u00e9sout que partiellement le probl\u00e8me d\u2019approvisionnement d\u2019eau potable des populations. V\u00e9g\u00e9tation et flore Le type de v\u00e9g\u00e9tation retrouv\u00e9 dans l\u2019espace communal d\u2019Ombessa est caract\u00e9ris\u00e9 par la pr\u00e9dominance de formations v\u00e9g\u00e9tales ligneuses mixtes arbor\u00e9es, arbustives et herbac\u00e9e.Les couverts ligneux sont clairs et domin\u00e9s par les savanes. En dehors des zones dites de v\u00e9g\u00e9tation naturelle, le territoire communal est domin\u00e9 par les zones agricoles couvertes de cultures annuelles, semi p\u00e9renne et p\u00e9rennes. Les cultures annuelles sont les sp\u00e9culations telles que la patate, l\u2019igname, le ma\u00efs, la macabo. Les cultures semi p\u00e9rennes \u00e9tant domin\u00e9es par les bananiers plantains et les cultures p\u00e9rennes constitu\u00e9es quant \u00e0 eux par le cacao, le palmier \u00e0 huile, et des arbres fruitiers tels le safoutier, avocatier, manguier.Les herbes dominantes sont entres autres l\u2019imp\u00e9rrata cylindrica, le mimosa, les sissonghos, les penicetum purpureum. Faune La faune de la commune d\u2019Ombessa est peu fournie et peu diversifi\u00e9e du fait de la pression des activit\u00e9s humaines (champs et habitations) sur toute l\u2019\u00e9tendue du territoire communal. On peut cependant rencontrer les:&#8211; Gibiers : h\u00e9rissons, tigres, rats palmistes, porcs-\u00e9piques, singes, lapins, biches, et \u00e9cureuils.&#8211; Oiseaux : perdrix, \u00e9perviers, corbeaux, hiboux, chauves- souris, moineaux\u2026..&#8211; Reptiles et insectes : serpents, l\u00e9zards, margouillards, cam\u00e9l\u00e9ons, abeilles, gu\u00eapes, criquets et mouches.&#8211; Dans les cours d\u2019eau : les carpes, les silures D\u00e9mographie La population de la commune d\u2019Ombessa est d\u2019environ 40 000 habitants avec des proportions respectives de 1919.646 hommes et 1995.57 Femmes (DPNV, 2014). Elle occupe un territoire d\u2019environ 420 Km2 de superficie pour une densit\u00e9 de 184 habitants\/Km2 (PDC, 2009).On note au sein de la commune, la pr\u00e9sence des couches vuln\u00e9rables domin\u00e9es par des personnes \u00e2g\u00e9es (196) suivi des handicap\u00e9s (87), des OEV (69) et des personnes atteintes de VIH\/SIDA (16) ou autres maladies graves (43). A celles-ci s\u2019ajoutent les populations des sourds\/muets dont l\u2019effectif est estim\u00e9 \u00e0 18 \u00e2mes environ.<\/p>\n","protected":false},"author":1,"featured_media":0,"parent":0,"menu_order":0,"comment_status":"closed","ping_status":"closed","template":"","meta":{"footnotes":""},"class_list":["post-99","page","type-page","status-publish","hentry"],"blocksy_meta":[],"_links":{"self":[{"href":"https:\/\/www.communeombessa.com\/index.php\/wp-json\/wp\/v2\/pages\/99","targetHints":{"allow":["GET"]}}],"collection":[{"href":"https:\/\/www.communeombessa.com\/index.php\/wp-json\/wp\/v2\/pages"}],"about":[{"href":"https:\/\/www.communeombessa.com\/index.php\/wp-json\/wp\/v2\/types\/page"}],"author":[{"embeddable":true,"href":"https:\/\/www.communeombessa.com\/index.php\/wp-json\/wp\/v2\/users\/1"}],"replies":[{"embeddable":true,"href":"https:\/\/www.communeombessa.com\/index.php\/wp-json\/wp\/v2\/comments?post=99"}],"version-history":[{"count":40,"href":"https:\/\/www.communeombessa.com\/index.php\/wp-json\/wp\/v2\/pages\/99\/revisions"}],"predecessor-version":[{"id":574,"href":"https:\/\/www.communeombessa.com\/index.php\/wp-json\/wp\/v2\/pages\/99\/revisions\/574"}],"wp:attachment":[{"href":"https:\/\/www.communeombessa.com\/index.php\/wp-json\/wp\/v2\/media?parent=99"}],"curies":[{"name":"wp","href":"https:\/\/api.w.org\/{rel}","templated":true}]}}